{"id":3533,"date":"2026-02-18T13:20:53","date_gmt":"2026-02-18T12:20:53","guid":{"rendered":"https:\/\/marcusrother.de\/?page_id=3533"},"modified":"2026-03-20T23:07:45","modified_gmt":"2026-03-20T22:07:45","slug":"ruckerstattung_ruckgaben","status":"publish","type":"page","link":"https:\/\/marcusrother.de\/de\/ruckerstattung_ruckgaben\/","title":{"rendered":"Richtlinie f\u00fcr R\u00fcckerstattungen und R\u00fcckgaben"},"content":{"rendered":"<div class=\"wp-block-group alignfull has-primary-background-color has-background\"><div class=\"wp-block-group__inner-container is-layout-constrained wp-block-group-is-layout-constrained\">\n<div class=\"wp-block-columns are-vertically-aligned-center container is-layout-flex wp-container-core-columns-is-layout-9d6595d7 wp-block-columns-is-layout-flex\">\n<div class=\"wp-block-column is-vertically-aligned-center is-layout-flow wp-block-column-is-layout-flow\" style=\"flex-basis:33.33%\"><div class=\"wp-block-image\">\n<figure class=\"aligncenter size-full is-resized\"><img loading=\"lazy\" decoding=\"async\" width=\"720\" height=\"720\" src=\"https:\/\/marcusrother.de\/wp-content\/uploads\/2026\/02\/MR_SobH_Logos.003-removebg.png\" alt=\"\" class=\"wp-image-4561\" style=\"width:225px\" srcset=\"https:\/\/marcusrother.de\/wp-content\/uploads\/2026\/02\/MR_SobH_Logos.003-removebg.png 720w, https:\/\/marcusrother.de\/wp-content\/uploads\/2026\/02\/MR_SobH_Logos.003-removebg-300x300.png 300w, https:\/\/marcusrother.de\/wp-content\/uploads\/2026\/02\/MR_SobH_Logos.003-removebg-150x150.png 150w, https:\/\/marcusrother.de\/wp-content\/uploads\/2026\/02\/MR_SobH_Logos.003-removebg-12x12.png 12w, https:\/\/marcusrother.de\/wp-content\/uploads\/2026\/02\/MR_SobH_Logos.003-removebg-500x500.png 500w, https:\/\/marcusrother.de\/wp-content\/uploads\/2026\/02\/MR_SobH_Logos.003-removebg-700x700.png 700w, https:\/\/marcusrother.de\/wp-content\/uploads\/2026\/02\/MR_SobH_Logos.003-removebg-100x100.png 100w\" sizes=\"auto, (max-width: 720px) 100vw, 720px\" \/><\/figure>\n<\/div><\/div>\n\n\n\n<div class=\"wp-block-column is-vertically-aligned-center is-layout-flow wp-block-column-is-layout-flow\" style=\"flex-basis:66.66%\">\n<div id=\"bs-title-block_e52ae68e0245429e5e19123d6a98c08f\" class=\"bs-title\">\n            <h2 class=\"display-3\">\n            Widerrufsrecht        <\/h2>\n    <\/div>\n\n\n<div class=\"trp-block-container\"><div class=\"trp-shortcode-switcher__wrapper\"\r\n     style=\"--bg:#ffffff00;--bg-hover:#ffffff00;--text:#76b3b3;--text-hover:#804949;--border:none;--border-width:0px;--border-color:#ffffff00;--border-radius:0px;--flag-radius:2px;--flag-size:18px;--aspect-ratio:4\/3;--font-size:14px;--transition-duration:0.2s\"\r\n     role=\"group\"\r\n     data-open-mode=\"hover\">\r\n\r\n    \r\n        <!-- ANCHOR (in-flow only; sizing\/borders; inert) -->\r\n        <div class=\"trp-language-switcher trp-ls-dropdown trp-shortcode-switcher trp-shortcode-anchor trp-open-on-hover\"\r\n             aria-hidden=\"true\"\r\n             inert\r\n data-no-translation>\r\n                <div class=\"trp-current-language-item__wrapper\">\r\n        <a class=\"trp-language-item trp-language-item__default trp-language-item__current\" data-no-translation href=\"https:\/\/marcusrother.de\/de\/wp-json\/wp\/v2\/pages\/3533\" title=\"German\"><img decoding=\"async\" src=\"https:\/\/marcusrother.de\/wp-content\/plugins\/translatepress-multilingual\/assets\/flags\/4x3\/de_DE.svg\" class=\"trp-flag-image\" alt=\"\" role=\"presentation\" loading=\"lazy\" \/><span class=\"trp-language-item-name\">German<\/span><\/a>                    <svg class=\"trp-shortcode-arrow\" width=\"20\" height=\"20\" viewbox=\"0 0 20 21\" fill=\"none\" aria-hidden=\"true\" focusable=\"false\" xmlns=\"http:\/\/www.w3.org\/2000\/svg\">\r\n                <path d=\"M5 8L10 13L15 8\" stroke=\"var(--text)\" stroke-width=\"2\" stroke-linecap=\"round\" stroke-linejoin=\"round\"\/>\r\n            <\/svg>\r\n            <\/div>\r\n            <\/div>\r\n\r\n        <!-- OVERLAY (positioned; interactive surface) -->\r\n        <div class=\"trp-language-switcher trp-ls-dropdown trp-shortcode-switcher trp-shortcode-overlay trp-open-on-hover\"\r\n             role=\"navigation\"\r\n             aria-label=\"Website language selector\"\r\n             data-no-translation\r\n>\r\n                <div class=\"trp-current-language-item__wrapper\">\r\n        <div class=\"trp-language-item trp-language-item__default trp-language-item__current\" data-no-translation role=\"button\" aria-expanded=\"false\" tabindex=\"0\" aria-label=\"Change language\" aria-controls=\"trp-shortcode-dropdown-69dcd0c94f002\"><img decoding=\"async\" src=\"https:\/\/marcusrother.de\/wp-content\/plugins\/translatepress-multilingual\/assets\/flags\/4x3\/de_DE.svg\" class=\"trp-flag-image\" alt=\"\" role=\"presentation\" loading=\"lazy\" \/><span class=\"trp-language-item-name\">German<\/span><\/div>                    <svg class=\"trp-shortcode-arrow\" width=\"20\" height=\"20\" viewbox=\"0 0 20 21\" fill=\"none\" aria-hidden=\"true\" focusable=\"false\" xmlns=\"http:\/\/www.w3.org\/2000\/svg\">\r\n                <path d=\"M5 8L10 13L15 8\" stroke=\"var(--text)\" stroke-width=\"2\" stroke-linecap=\"round\" stroke-linejoin=\"round\"\/>\r\n            <\/svg>\r\n            <\/div>\r\n    \r\n            <div class=\"trp-switcher-dropdown-list\"\r\n                 id=\"trp-shortcode-dropdown-69dcd0c94f002\"\r\n                 role=\"group\"\r\n                 aria-label=\"Available languages\"\r\n                 hidden\r\n inert\r\n>\r\n                                                            <a class=\"trp-language-item\" href=\"https:\/\/marcusrother.de\/de\/wp-json\/wp\/v2\/pages\/3533\" title=\"English\">\r\n                            <img decoding=\"async\" src=\"https:\/\/marcusrother.de\/wp-content\/plugins\/translatepress-multilingual\/assets\/flags\/4x3\/en_GB.svg\" class=\"trp-flag-image\" alt=\"\" role=\"presentation\" loading=\"lazy\" \/>                                                            <span class=\"trp-language-item-name\" data-no-translation>English<\/span>\r\n                                                                                <\/a>\r\n                                                <\/div>\r\n        <\/div>\r\n\r\n    <\/div>\r\n<\/div><\/div>\n<\/div>\n<\/div><\/div>\n\n\n\n<div class=\"wp-block-group\"><div class=\"wp-block-group__inner-container is-layout-constrained wp-block-group-is-layout-constrained\">\n<div class=\"wp-block-columns is-layout-flex wp-container-core-columns-is-layout-9d6595d7 wp-block-columns-is-layout-flex\">\n<div class=\"wp-block-column is-layout-flow wp-block-column-is-layout-flow\" style=\"flex-basis:33.33%\">\n<div id=\"bs-title-block_b5a70bacf4dc22a33099aab0af5d08f9\" class=\"bs-title\">\n            <h2 class=\"h3\">\n            Widerrufsrecht        <\/h2>\n    <\/div>\n<\/div>\n\n\n\n<div class=\"wp-block-column is-layout-flow wp-block-column-is-layout-flow\" style=\"flex-basis:66.66%\">\n<div class=\"wp-block-group\"><div class=\"wp-block-group__inner-container is-layout-constrained wp-block-group-is-layout-constrained\">\n<p>Verbraucher haben gem\u00e4\u00df den nachstehenden Bestimmungen ein gesetzliches Widerrufsrecht.<\/p>\n<\/div><\/div>\n<\/div>\n<\/div>\n<\/div><\/div>\n\n\n\n<div class=\"wp-block-group\"><div class=\"wp-block-group__inner-container is-layout-constrained wp-block-group-is-layout-constrained\">\n<div class=\"wp-block-columns is-layout-flex wp-container-core-columns-is-layout-9d6595d7 wp-block-columns-is-layout-flex\">\n<div class=\"wp-block-column is-layout-flow wp-block-column-is-layout-flow\" style=\"flex-basis:33.33%\">\n<div id=\"bs-title-block_3132def9cd721bbdb37653f2c3b5f4fd\" class=\"bs-title\">\n            <h2 class=\"h3\">\n            1. Widerrufsrecht bei digitalen Inhalten und Hybridkursen        <\/h2>\n    <\/div>\n<\/div>\n\n\n\n<div class=\"wp-block-column is-layout-flow wp-block-column-is-layout-flow\" style=\"flex-basis:66.66%\">\n<div class=\"wp-block-group\"><div class=\"wp-block-group__inner-container is-layout-constrained wp-block-group-is-layout-constrained\">\n<p>Sie haben das Recht, diesen Vertrag innerhalb von vierzehn Tagen ohne Angabe von Gr\u00fcnden zu widerrufen.<\/p>\n\n\n\n<p>Die Widerrufsfrist betr\u00e4gt vierzehn Tage ab dem Datum des Vertragsabschlusses.<\/p>\n\n\n\n<p>Um Ihr Widerrufsrecht auszu\u00fcben, m\u00fcssen Sie mir:<\/p>\n\n\n\n<p class=\"has-secondary-color has-text-color has-link-color wp-elements-1c501cb3c2fbdc1da1c43ba5ba96f28d\"><strong>Marcus Rother<\/strong><\/p>\n\n\n\n<p class=\"has-secondary-color has-text-color has-link-color wp-elements-9483b1f1ea907130730f46b95f5ac1db\"><strong>Martin-Albert-Str. 8<\/strong><\/p>\n\n\n\n<p class=\"has-secondary-color has-text-color has-link-color wp-elements-6eaed392c7facb96c7414200eefcf361\"><strong>90491 N\u00fcrnberg<\/strong><\/p>\n\n\n\n<p class=\"has-secondary-color has-text-color has-link-color wp-elements-7e40a22bff4bf3ecde433fa719bd53a9\"><strong>Deutschland<\/strong><\/p>\n\n\n\n<p>E-mail: <a href=\"mailto:hello@marcusrother.de\">hello@marcusrother.de<\/a><\/p>\n\n\n\n<p>eine eindeutige schriftliche Erkl\u00e4rung, die Sie per E-Mail \u00fcber Ihre Entscheidung, diesen Vertrag zu widerrufen, \u00fcbermitteln.<\/p>\n<\/div><\/div>\n<\/div>\n<\/div>\n<\/div><\/div>\n\n\n\n<div class=\"wp-block-group\"><div class=\"wp-block-group__inner-container is-layout-constrained wp-block-group-is-layout-constrained\">\n<div class=\"wp-block-columns is-layout-flex wp-container-core-columns-is-layout-9d6595d7 wp-block-columns-is-layout-flex\">\n<div class=\"wp-block-column is-layout-flow wp-block-column-is-layout-flow\" style=\"flex-basis:33.33%\">\n<div id=\"bs-title-block_83571791028f583ea57986a4029d1157\" class=\"bs-title\">\n            <h2 class=\"h3\">\n            Folgen eines Widerrufs        <\/h2>\n    <\/div>\n<\/div>\n\n\n\n<div class=\"wp-block-column is-layout-flow wp-block-column-is-layout-flow\" style=\"flex-basis:66.66%\">\n<div class=\"wp-block-group\"><div class=\"wp-block-group__inner-container is-layout-constrained wp-block-group-is-layout-constrained\">\n<p>Wenn Sie diesen Vertrag widerrufen, erstatten wir Ihnen alle von Ihnen erhaltenen Zahlungen unverz\u00fcglich, sp\u00e4testens jedoch innerhalb von vierzehn Tagen ab dem Tag, an dem die Mitteilung \u00fcber Ihren Widerruf bei uns eingegangen ist.<\/p>\n<\/div><\/div>\n<\/div>\n<\/div>\n<\/div><\/div>\n\n\n\n<div class=\"wp-block-group\"><div class=\"wp-block-group__inner-container is-layout-constrained wp-block-group-is-layout-constrained\">\n<div class=\"wp-block-columns is-layout-flex wp-container-core-columns-is-layout-9d6595d7 wp-block-columns-is-layout-flex\">\n<div class=\"wp-block-column is-layout-flow wp-block-column-is-layout-flow\" style=\"flex-basis:33.33%\">\n<div id=\"bs-title-block_e7c8d5960414df50b2521f4f6fc0ec55\" class=\"bs-title\">\n            <h2 class=\"h3\">\n            Ablauf der Widerrufsfrist f\u00fcr digitale Inhalte        <\/h2>\n    <\/div>\n<\/div>\n\n\n\n<div class=\"wp-block-column is-layout-flow wp-block-column-is-layout-flow\" style=\"flex-basis:66.66%\">\n<div class=\"wp-block-group\"><div class=\"wp-block-group__inner-container is-layout-constrained wp-block-group-is-layout-constrained\">\n<p>Das Widerrufsrecht erlischt vorzeitig, wenn:<\/p>\n\n\n\n<p>\u2022 Sie haben ausdr\u00fccklich zugestimmt, dass die Vertragserf\u00fcllung vor Ablauf der Widerrufsfrist beginnt, und<\/p>\n\n\n\n<p>\u2022 Sie haben best\u00e4tigt, dass Ihnen bewusst ist, dass Sie mit Ihrer Einwilligung Ihr Widerrufsrecht verlieren, sobald die Leistung erbracht wird.<\/p>\n\n\n\n<p>Bei Kursen im Rahmen des Programms \u201eScience of Being Human\u201c beginnt die Vertragserf\u00fcllung mit:<\/p>\n\n\n\n<p>\u2022 Freischaltung des Kurszugangs oder<\/p>\n\n\n\n<p>\u2022 Bereitstellung von Kursmaterialien oder<\/p>\n\n\n\n<p>\u2022 Beginn der Live-Sitzungen.<\/p>\n<\/div><\/div>\n<\/div>\n<\/div>\n<\/div><\/div>\n\n\n\n<div class=\"wp-block-group\"><div class=\"wp-block-group__inner-container is-layout-constrained wp-block-group-is-layout-constrained\">\n<div class=\"wp-block-columns is-layout-flex wp-container-core-columns-is-layout-9d6595d7 wp-block-columns-is-layout-flex\">\n<div class=\"wp-block-column is-layout-flow wp-block-column-is-layout-flow\" style=\"flex-basis:33.33%\">\n<div id=\"bs-title-block_56bf3270e89cc57b7d4743b8ccfec472\" class=\"bs-title\">\n            <h2 class=\"h3\">\n            2. Kein Widerrufsrecht bei termingebundenen Dienstleistungen und Freizeitdienstleistungen        <\/h2>\n    <\/div>\n<\/div>\n\n\n\n<div class=\"wp-block-column is-layout-flow wp-block-column-is-layout-flow\" style=\"flex-basis:66.66%\">\n<div class=\"wp-block-group\"><div class=\"wp-block-group__inner-container is-layout-constrained wp-block-group-is-layout-constrained\">\n<p>Gem\u00e4\u00df \u00a7 312g Abs. 2 Nr. 9 des B\u00fcrgerlichen Gesetzbuchs (BGB) besteht kein Widerrufsrecht bei Vertr\u00e4gen \u00fcber die Erbringung von Dienstleistungen im Zusammenhang mit Freizeitaktivit\u00e4ten, wenn der Vertrag einen bestimmten Zeitpunkt oder einen bestimmten Zeitraum f\u00fcr die Erbringung der Leistung vorsieht.<\/p>\n\n\n\n<p>Dies gilt insbesondere f\u00fcr:<\/p>\n\n\n\n<p>\u2022 Online Breathwork Sessions<\/p>\n\n\n\n<p>\u2022 Private Yoga Gruppen Sessions<\/p>\n\n\n\n<p>\u2022 Bodywork 1:1<\/p>\n\n\n\n<p>\u2022 Private Yoga 1:1<\/p>\n\n\n\n<p>Daher besteht f\u00fcr diese Dienstleistungen kein Widerrufsrecht.<\/p>\n<\/div><\/div>\n<\/div>\n<\/div>\n<\/div><\/div>","protected":false},"excerpt":{"rendered":"<p>Consumers are entitled to a statutory right of withdrawal in accordance with the following provisions. You have the right to [&hellip;]<\/p>\n","protected":false},"author":1,"featured_media":0,"parent":0,"menu_order":0,"comment_status":"closed","ping_status":"closed","template":"","meta":{"_acf_changed":false,"footnotes":""},"class_list":["post-3533","page","type-page","status-publish","hentry"],"acf":[],"yoast_head":"<!-- This site is optimized with the Yoast SEO plugin v27.3 - https:\/\/yoast.com\/product\/yoast-seo-wordpress\/ -->\n<title>Richtlinie f\u00fcr R\u00fcckerstattungen und R\u00fcckgaben - Marcus Rother<\/title>\n<meta name=\"robots\" content=\"index, follow, max-snippet:-1, max-image-preview:large, max-video-preview:-1\" \/>\n<link rel=\"canonical\" href=\"https:\/\/marcusrother.de\/de\/ruckerstattung_ruckgaben\/\" \/>\n<meta property=\"og:locale\" content=\"de_DE\" \/>\n<meta property=\"og:type\" content=\"article\" \/>\n<meta property=\"og:title\" content=\"Richtlinie f\u00fcr R\u00fcckerstattungen und R\u00fcckgaben - Marcus Rother\" \/>\n<meta property=\"og:description\" content=\"Consumers are entitled to a statutory right of withdrawal in accordance with the following provisions. You have the right to [&hellip;]\" \/>\n<meta property=\"og:url\" content=\"https:\/\/marcusrother.de\/de\/ruckerstattung_ruckgaben\/\" \/>\n<meta property=\"og:site_name\" content=\"Marcus Rother\" \/>\n<meta property=\"article:modified_time\" content=\"2026-03-20T22:07:45+00:00\" \/>\n<meta property=\"og:image\" content=\"https:\/\/marcusrother.de\/wp-content\/uploads\/2026\/02\/MR_SobH_Logos.003-removebg.png\" \/>\n\t<meta property=\"og:image:width\" content=\"720\" \/>\n\t<meta property=\"og:image:height\" content=\"720\" \/>\n\t<meta property=\"og:image:type\" content=\"image\/png\" \/>\n<meta name=\"twitter:card\" content=\"summary_large_image\" \/>\n<meta name=\"twitter:label1\" content=\"Gesch\u00e4tzte Lesezeit\" \/>\n\t<meta name=\"twitter:data1\" content=\"2\u00a0Minuten\" \/>\n<script type=\"application\/ld+json\" class=\"yoast-schema-graph\">{\"@context\":\"https:\\\/\\\/schema.org\",\"@graph\":[{\"@type\":\"WebPage\",\"@id\":\"https:\\\/\\\/marcusrother.de\\\/ruckerstattung_ruckgaben\\\/\",\"url\":\"https:\\\/\\\/marcusrother.de\\\/ruckerstattung_ruckgaben\\\/\",\"name\":\"Richtlinie f\u00fcr R\u00fcckerstattungen und R\u00fcckgaben - Marcus Rother\",\"isPartOf\":{\"@id\":\"https:\\\/\\\/marcusrother.de\\\/#website\"},\"primaryImageOfPage\":{\"@id\":\"https:\\\/\\\/marcusrother.de\\\/ruckerstattung_ruckgaben\\\/#primaryimage\"},\"image\":{\"@id\":\"https:\\\/\\\/marcusrother.de\\\/ruckerstattung_ruckgaben\\\/#primaryimage\"},\"thumbnailUrl\":\"https:\\\/\\\/marcusrother.de\\\/wp-content\\\/uploads\\\/2026\\\/02\\\/MR_SobH_Logos.003-removebg.png\",\"datePublished\":\"2026-02-18T12:20:53+00:00\",\"dateModified\":\"2026-03-20T22:07:45+00:00\",\"breadcrumb\":{\"@id\":\"https:\\\/\\\/marcusrother.de\\\/ruckerstattung_ruckgaben\\\/#breadcrumb\"},\"inLanguage\":\"de\",\"potentialAction\":[{\"@type\":\"ReadAction\",\"target\":[\"https:\\\/\\\/marcusrother.de\\\/ruckerstattung_ruckgaben\\\/\"]}]},{\"@type\":\"ImageObject\",\"inLanguage\":\"de\",\"@id\":\"https:\\\/\\\/marcusrother.de\\\/ruckerstattung_ruckgaben\\\/#primaryimage\",\"url\":\"https:\\\/\\\/marcusrother.de\\\/wp-content\\\/uploads\\\/2026\\\/02\\\/MR_SobH_Logos.003-removebg.png\",\"contentUrl\":\"https:\\\/\\\/marcusrother.de\\\/wp-content\\\/uploads\\\/2026\\\/02\\\/MR_SobH_Logos.003-removebg.png\"},{\"@type\":\"BreadcrumbList\",\"@id\":\"https:\\\/\\\/marcusrother.de\\\/ruckerstattung_ruckgaben\\\/#breadcrumb\",\"itemListElement\":[{\"@type\":\"ListItem\",\"position\":1,\"name\":\"Home\",\"item\":\"https:\\\/\\\/marcusrother.de\\\/\"},{\"@type\":\"ListItem\",\"position\":2,\"name\":\"Richtlinie f\u00fcr R\u00fcckerstattungen und R\u00fcckgaben\"}]},{\"@type\":\"WebSite\",\"@id\":\"https:\\\/\\\/marcusrother.de\\\/#website\",\"url\":\"https:\\\/\\\/marcusrother.de\\\/\",\"name\":\"Marcus Rother\",\"description\":\"privat yoga - thai.yoga.bodywork - online live breathwork - science of being human online programs\",\"publisher\":{\"@id\":\"https:\\\/\\\/marcusrother.de\\\/#\\\/schema\\\/person\\\/4717e990ec6d9031fa856a8dccd10680\"},\"potentialAction\":[{\"@type\":\"SearchAction\",\"target\":{\"@type\":\"EntryPoint\",\"urlTemplate\":\"https:\\\/\\\/marcusrother.de\\\/?s={search_term_string}\"},\"query-input\":{\"@type\":\"PropertyValueSpecification\",\"valueRequired\":true,\"valueName\":\"search_term_string\"}}],\"inLanguage\":\"de\"},{\"@type\":[\"Person\",\"Organization\"],\"@id\":\"https:\\\/\\\/marcusrother.de\\\/#\\\/schema\\\/person\\\/4717e990ec6d9031fa856a8dccd10680\",\"name\":\"mryoga\",\"image\":{\"@type\":\"ImageObject\",\"inLanguage\":\"de\",\"@id\":\"https:\\\/\\\/marcusrother.de\\\/wp-content\\\/uploads\\\/2026\\\/02\\\/MarcusRother63541-Gross.jpeg\",\"url\":\"https:\\\/\\\/marcusrother.de\\\/wp-content\\\/uploads\\\/2026\\\/02\\\/MarcusRother63541-Gross.jpeg\",\"contentUrl\":\"https:\\\/\\\/marcusrother.de\\\/wp-content\\\/uploads\\\/2026\\\/02\\\/MarcusRother63541-Gross.jpeg\",\"width\":545,\"height\":854,\"caption\":\"mryoga\"},\"logo\":{\"@id\":\"https:\\\/\\\/marcusrother.de\\\/wp-content\\\/uploads\\\/2026\\\/02\\\/MarcusRother63541-Gross.jpeg\"},\"sameAs\":[\"https:\\\/\\\/marcusrother.de\"]}]}<\/script>\n<!-- \/ Yoast SEO plugin. -->","yoast_head_json":{"title":"Richtlinie f\u00fcr R\u00fcckerstattungen und R\u00fcckgaben - Marcus Rother","robots":{"index":"index","follow":"follow","max-snippet":"max-snippet:-1","max-image-preview":"max-image-preview:large","max-video-preview":"max-video-preview:-1"},"canonical":"https:\/\/marcusrother.de\/de\/ruckerstattung_ruckgaben\/","og_locale":"de_DE","og_type":"article","og_title":"Richtlinie f\u00fcr R\u00fcckerstattungen und R\u00fcckgaben - Marcus Rother","og_description":"Consumers are entitled to a statutory right of withdrawal in accordance with the following provisions. You have the right to [&hellip;]","og_url":"https:\/\/marcusrother.de\/de\/ruckerstattung_ruckgaben\/","og_site_name":"Marcus Rother","article_modified_time":"2026-03-20T22:07:45+00:00","og_image":[{"width":720,"height":720,"url":"https:\/\/marcusrother.de\/wp-content\/uploads\/2026\/02\/MR_SobH_Logos.003-removebg.png","type":"image\/png"}],"twitter_card":"summary_large_image","twitter_misc":{"Gesch\u00e4tzte Lesezeit":"2\u00a0Minuten"},"schema":{"@context":"https:\/\/schema.org","@graph":[{"@type":"WebPage","@id":"https:\/\/marcusrother.de\/ruckerstattung_ruckgaben\/","url":"https:\/\/marcusrother.de\/ruckerstattung_ruckgaben\/","name":"Richtlinie f\u00fcr R\u00fcckerstattungen und R\u00fcckgaben - Marcus Rother","isPartOf":{"@id":"https:\/\/marcusrother.de\/#website"},"primaryImageOfPage":{"@id":"https:\/\/marcusrother.de\/ruckerstattung_ruckgaben\/#primaryimage"},"image":{"@id":"https:\/\/marcusrother.de\/ruckerstattung_ruckgaben\/#primaryimage"},"thumbnailUrl":"https:\/\/marcusrother.de\/wp-content\/uploads\/2026\/02\/MR_SobH_Logos.003-removebg.png","datePublished":"2026-02-18T12:20:53+00:00","dateModified":"2026-03-20T22:07:45+00:00","breadcrumb":{"@id":"https:\/\/marcusrother.de\/ruckerstattung_ruckgaben\/#breadcrumb"},"inLanguage":"de","potentialAction":[{"@type":"ReadAction","target":["https:\/\/marcusrother.de\/ruckerstattung_ruckgaben\/"]}]},{"@type":"ImageObject","inLanguage":"de","@id":"https:\/\/marcusrother.de\/ruckerstattung_ruckgaben\/#primaryimage","url":"https:\/\/marcusrother.de\/wp-content\/uploads\/2026\/02\/MR_SobH_Logos.003-removebg.png","contentUrl":"https:\/\/marcusrother.de\/wp-content\/uploads\/2026\/02\/MR_SobH_Logos.003-removebg.png"},{"@type":"BreadcrumbList","@id":"https:\/\/marcusrother.de\/ruckerstattung_ruckgaben\/#breadcrumb","itemListElement":[{"@type":"ListItem","position":1,"name":"Home","item":"https:\/\/marcusrother.de\/"},{"@type":"ListItem","position":2,"name":"Richtlinie f\u00fcr R\u00fcckerstattungen und R\u00fcckgaben"}]},{"@type":"WebSite","@id":"https:\/\/marcusrother.de\/#website","url":"https:\/\/marcusrother.de\/","name":"Marcus Rother","description":"privat yoga - thai.yoga.bodywork - online live breathwork - science of being human online programs","publisher":{"@id":"https:\/\/marcusrother.de\/#\/schema\/person\/4717e990ec6d9031fa856a8dccd10680"},"potentialAction":[{"@type":"SearchAction","target":{"@type":"EntryPoint","urlTemplate":"https:\/\/marcusrother.de\/?s={search_term_string}"},"query-input":{"@type":"PropertyValueSpecification","valueRequired":true,"valueName":"search_term_string"}}],"inLanguage":"de"},{"@type":["Person","Organization"],"@id":"https:\/\/marcusrother.de\/#\/schema\/person\/4717e990ec6d9031fa856a8dccd10680","name":"mryoga","image":{"@type":"ImageObject","inLanguage":"de","@id":"https:\/\/marcusrother.de\/wp-content\/uploads\/2026\/02\/MarcusRother63541-Gross.jpeg","url":"https:\/\/marcusrother.de\/wp-content\/uploads\/2026\/02\/MarcusRother63541-Gross.jpeg","contentUrl":"https:\/\/marcusrother.de\/wp-content\/uploads\/2026\/02\/MarcusRother63541-Gross.jpeg","width":545,"height":854,"caption":"mryoga"},"logo":{"@id":"https:\/\/marcusrother.de\/wp-content\/uploads\/2026\/02\/MarcusRother63541-Gross.jpeg"},"sameAs":["https:\/\/marcusrother.de"]}]}},"jetpack_sharing_enabled":true,"_links":{"self":[{"href":"https:\/\/marcusrother.de\/de\/wp-json\/wp\/v2\/pages\/3533","targetHints":{"allow":["GET"]}}],"collection":[{"href":"https:\/\/marcusrother.de\/de\/wp-json\/wp\/v2\/pages"}],"about":[{"href":"https:\/\/marcusrother.de\/de\/wp-json\/wp\/v2\/types\/page"}],"author":[{"embeddable":true,"href":"https:\/\/marcusrother.de\/de\/wp-json\/wp\/v2\/users\/1"}],"replies":[{"embeddable":true,"href":"https:\/\/marcusrother.de\/de\/wp-json\/wp\/v2\/comments?post=3533"}],"version-history":[{"count":1,"href":"https:\/\/marcusrother.de\/de\/wp-json\/wp\/v2\/pages\/3533\/revisions"}],"predecessor-version":[{"id":5574,"href":"https:\/\/marcusrother.de\/de\/wp-json\/wp\/v2\/pages\/3533\/revisions\/5574"}],"wp:attachment":[{"href":"https:\/\/marcusrother.de\/de\/wp-json\/wp\/v2\/media?parent=3533"}],"curies":[{"name":"wp","href":"https:\/\/api.w.org\/{rel}","templated":true}]}}